{"id":326,"date":"2025-10-05T09:43:53","date_gmt":"2025-10-05T09:43:53","guid":{"rendered":"https:\/\/laser-cleaners.com\/?post_type=product&#038;p=326"},"modified":"2025-10-14T09:42:11","modified_gmt":"2025-10-14T09:42:11","slug":"300-w-500-w-suitcase-pulse-laser-cleaning-machines-factory","status":"publish","type":"product","link":"https:\/\/laser-cleaners.com\/ar\/300-w-500-w-suitcase-pulse-laser-cleaning-machines-factory\/","title":{"rendered":"300 \u0648\u0627\u0637 \/ 500 \u0648\u0627\u0637 \u0645\u0635\u0646\u0639 \u0622\u0644\u0627\u062a \u0627\u0644\u062a\u0646\u0638\u064a\u0641 \u0628\u0627\u0644\u0644\u064a\u0632\u0631 \u0627\u0644\u0646\u0628\u0636\u064a \u0627\u0644\u062d\u0642\u064a\u0628\u0629 300 \u0648\u0627\u0637"},"content":{"rendered":"<p>\u0628\u0648\u063a\u0648\u0646\u063a \u0644\u064a\u0632\u0631 - \u0622\u0644\u0629 \u0627\u0644\u062a\u0646\u0638\u064a\u0641 \u0628\u0627\u0644\u0644\u064a\u0632\u0631 \u0627\u0644\u0646\u0628\u0636\u064a \u0627\u0644\u062d\u0642\u064a\u0628\u0629: 300 \u0648\u0627\u0637 \u0648 500 \u0648\u0627\u0637<\/p>\n<table>\n<thead>\n<tr>\n<th style=\"text-align: left;\">\u0627\u0644\u0645\u0639\u0644\u0645\u0629<\/th>\n<th style=\"text-align: left;\">\u0645\u0648\u062f\u064a\u0644 300 \u0648\u0627\u0637<\/th>\n<th style=\"text-align: left;\">\u0645\u0648\u062f\u064a\u0644 500 \u0648\u0627\u0637<\/th>\n<\/tr>\n<\/thead>\n<tbody>\n<tr>\n<td>\u0623\u0648\u0636\u0627\u0639 \u0627\u0644\u062a\u0646\u0638\u064a\u0641\/\u0623\u0646\u0645\u0627\u0637 \u0627\u0644\u0645\u0633\u062d \u0627\u0644\u0636\u0648\u0626\u064a<\/td>\n<td>9 \u0623\u0648\u0636\u0627\u0639<\/td>\n<td>9 \u0623\u0648\u0636\u0627\u0639<\/td>\n<\/tr>\n<tr>\n<td>\u0648\u0632\u0646 \u0631\u0623\u0633 \u0627\u0644\u062a\u0646\u0638\u064a\u0641 \u0627\u0644\u0648\u0632\u0646<\/td>\n<td>&lt; 1.25 \u0643\u062c\u0645<\/td>\n<td>&lt; \u0623\u0642\u0644 \u0645\u0646 1.5 \u0643\u062c\u0645<\/td>\n<\/tr>\n<tr>\n<td>\u0645\u0633\u062a\u0634\u0639\u0631 \u0627\u0644\u0645\u0633\u0627\u0641\u0629 (\u0645\u0633\u062f\u0633)<\/td>\n<td>\u0646\u0639\u0645 (\u064a\u0639\u0631\u0636 \"999\" \u0641\u064a \u062d\u0627\u0644\u0629 \u0639\u062f\u0645 \u0648\u062c\u0648\u062f \u0643\u0627\u0626\u0646\u060c \u0644\u0627 \u064a\u0648\u062c\u062f \u0627\u0646\u0628\u0639\u0627\u062b)<\/td>\n<td>-<\/td>\n<\/tr>\n<tr>\n<td>\u0639\u0631\u0636 \u0627\u0644\u0645\u0633\u0627\u0641\u0629 \u0627\u0644\u0628\u0624\u0631\u064a\u0629 (\u0645\u0633\u062f\u0633)<\/td>\n<td>\u0646\u0639\u0645\u060c \u0631\u0642\u0645\u064a \u0641\u064a \u0627\u0644\u0648\u0642\u062a \u0627\u0644\u062d\u0642\u064a\u0642\u064a<\/td>\n<td>\u0646\u0639\u0645\u060c \u064a\u0639\u0631\u0636 \u0627\u0644\u0628\u064f\u0639\u062f \u0627\u0644\u0628\u0624\u0631\u064a<\/td>\n<\/tr>\n<tr>\n<td>\u062a\u0635\u0645\u064a\u0645 \u0645\u0642\u0627\u0648\u0645 \u0644\u0644\u063a\u0628\u0627\u0631\/\u0645\u0636\u0627\u062f \u0644\u0644\u062a\u062f\u0627\u062e\u0644<\/td>\n<td>\u0646\u0639\u0645<\/td>\n<td>\u0646\u0639\u0645<\/td>\n<\/tr>\n<tr>\n<td>\u0645\u0627\u0646\u0639 \u0627\u0644\u062a\u0633\u0631\u0628 \/ \u0627\u0644\u0636\u0645\u064a\u0645\u0629 \/ \u0646\u0641\u062e \u0627\u0644\u0647\u0648\u0627\u0621<\/td>\n<td>-<\/td>\n<td>\u0645\u0627\u0646\u0639 \u062a\u0633\u0631\u0628 \u0627\u0644\u063a\u0628\u0627\u0631 + \u0646\u0638\u0627\u0645 \u0646\u0641\u062e \u0627\u0644\u0647\u0648\u0627\u0621 \u0627\u0644\u0645\u063a\u0644\u0642<\/td>\n<\/tr>\n<tr>\n<td>\u0639\u0631\u0636 \u0627\u0644\u062d\u0627\u0644\u0629 \u0641\u064a \u0627\u0644\u0648\u0642\u062a \u0627\u0644\u062d\u0642\u064a\u0642\u064a<\/td>\n<td>\u0646\u0639\u0645<\/td>\n<td>-<\/td>\n<\/tr>\n<tr>\n<td>\u0645\u0637\u0627\u0644\u0628\u0627\u062a \u0631\u0633\u0627\u0644\u0629 \u0627\u0644\u062e\u0637\u0623<\/td>\n<td>\u0646\u0639\u0645<\/td>\n<td>-<\/td>\n<\/tr>\n<tr>\n<td style=\"text-align: left;\">\u0627\u0644\u0644\u063a\u0627\u062a \u0627\u0644\u0645\u062f\u0639\u0648\u0645\u0629<\/td>\n<td style=\"text-align: left;\">16<\/td>\n<td style=\"text-align: left;\">-<\/td>\n<\/tr>\n<\/tbody>\n<\/table>\n<p>\u0628\u0627\u0644\u0625\u0636\u0627\u0641\u0629 \u0625\u0644\u0649 \u0630\u0644\u0643\u060c \u0645\u0646 \u0627\u0644\u0642\u0648\u0627\u0626\u0645 \u0630\u0627\u062a \u0627\u0644\u0635\u0644\u0629 (\u0644\u0637\u0631\u0627\u0632 300 \u0648\u0627\u0637) \u062c\u0645\u0639\u062a \u0647\u0630\u0647 \u0627\u0644\u0645\u0648\u0627\u0635\u0641\u0627\u062a \u0627\u0644\u0631\u0642\u0645\u064a\u0629:<\/p>\n<table>\n<thead>\n<tr>\n<th style=\"text-align: left;\">\u0627\u0644\u0645\u0639\u0644\u0645\u0629<\/th>\n<th style=\"text-align: left;\">\u0627\u0644\u0642\u064a\u0645\u0629 (\u0637\u0631\u0627\u0632 300 \u0648\u0627\u062a\u060c \u0645\u0634\u062a\u0642)<\/th>\n<\/tr>\n<\/thead>\n<tbody>\n<tr>\n<td>\u062c\u0647\u062f \u0627\u0644\u0639\u0645\u0644<\/td>\n<td>110 \u0641\u0648\u0644\u062a \/ 220 \u0641\u0648\u0644\u062a \u00b110 %\u060c 50\/60 \u0647\u0631\u062a\u0632<\/td>\n<\/tr>\n<tr>\n<td>\u0646\u0637\u0627\u0642 \u062a\u0631\u062f\u062f \u0627\u0644\u0646\u0628\u0636<\/td>\n<td>1 - 4000 \u0643\u064a\u0644\u0648\u0647\u0631\u062a\u0632<\/td>\n<\/tr>\n<tr>\n<td>\u0637\u0627\u0642\u0629 \u0627\u0644\u0646\u0628\u0636 \u0627\u0644\u0642\u0635\u0648\u0649<\/td>\n<td>12.5 \u0645\u0644\u0644\u064a \u062c\u0648\u0644<\/td>\n<\/tr>\n<tr>\n<td>\u0639\u0631\u0636 \u0627\u0644\u0646\u0628\u0636<\/td>\n<td>2 - 500 \u0646\u0627\u0646\u0648 \u062b\u0627\u0646\u064a\u0629<\/td>\n<\/tr>\n<tr>\n<td>\u0637\u0631\u064a\u0642\u0629 \u0627\u0644\u062a\u0628\u0631\u064a\u062f<\/td>\n<td>\u062a\u0628\u0631\u064a\u062f \u0627\u0644\u0647\u0648\u0627\u0621<\/td>\n<\/tr>\n<tr>\n<td>\u0645\u0646\u0637\u0642\u0629 \u0627\u0644\u062a\u0646\u0638\u064a\u0641\/\u0627\u0644\u0645\u0633\u062d \u0627\u0644\u0636\u0648\u0626\u064a<\/td>\n<td>140 \u00d7 140 \u0645\u0645<\/td>\n<\/tr>\n<tr>\n<td>\u0623\u0628\u0639\u0627\u062f \u0627\u0644\u0645\u0627\u0643\u064a\u0646\u0629<\/td>\n<td>520 \u00d7 330 \u00d7 730 \u00d7 730 \u0645\u0645<\/td>\n<\/tr>\n<tr>\n<td>\u0627\u0644\u0648\u0632\u0646 \u0627\u0644\u0635\u0627\u0641\u064a\/\u0648\u0632\u0646 \u0627\u0644\u0645\u0627\u0643\u064a\u0646\u0629<\/td>\n<td>~ \u062d\u0648\u0627\u0644\u064a 60 \u0643\u062c\u0645<\/td>\n<\/tr>\n<tr>\n<td>\u0637\u0648\u0644 \u0643\u0627\u0628\u0644 \u0627\u0644\u0623\u0644\u064a\u0627\u0641<\/td>\n<td>5 m<\/td>\n<\/tr>\n<tr>\n<td style=\"text-align: left;\">\u062f\u0631\u062c\u0629 \u062d\u0631\u0627\u0631\u0629 \u0627\u0644\u062a\u0634\u063a\u064a\u0644 \u0627\u0644\u0645\u062d\u064a\u0637\u0629<\/td>\n<td style=\"text-align: left;\">10 - 40 \u00b0C<\/td>\n<\/tr>\n<\/tbody>\n<\/table>","protected":false},"excerpt":{"rendered":"<p>\u0622\u0644\u0629 \u0627\u0644\u062a\u0646\u0638\u064a\u0641 \u0628\u0627\u0644\u0644\u064a\u0632\u0631 \u0627\u0644\u0646\u0628\u0636\u064a \u0628\u0627\u0644\u0644\u064a\u0632\u0631 \u0639\u0627\u0644\u064a\u0629 \u0627\u0644\u0637\u0627\u0642\u0629 \u0628\u0642\u0648\u0629 300 \u0648\u0627\u0637 \/ 500 \u0648\u0627\u0637 - \u0648\u062d\u062f\u0629 \u0645\u062d\u0645\u0648\u0644\u0629 \u0645\u062a\u0639\u062f\u062f\u0629 \u0627\u0644\u0623\u0648\u0636\u0627\u0639 \u0644\u0625\u0632\u0627\u0644\u0629 \u0627\u0644\u0635\u062f\u0623\/\u0627\u0644\u0637\u0644\u0627\u0621 \u0628\u0627\u0644\u0644\u064a\u0632\u0631 \u0645\u0639 \u0634\u0627\u0634\u0629 \u0639\u0631\u0636 \u0628\u0624\u0631\u064a\u0629 \u0631\u0642\u0645\u064a\u0629\u060c \u0648\u0645\u0633\u062a\u0634\u0639\u0631 \u0645\u0633\u0627\u0641\u0629 \u0645\u062f\u0645\u062c\u060c \u0648\u062a\u0635\u0645\u064a\u0645 \u062d\u0642\u064a\u0628\u0629 \u0645\u062f\u0645\u062c\u0629\u060c \u0648\u0645\u064a\u0632\u0627\u062a \u0645\u0642\u0627\u0648\u0645\u0629 \u0644\u0644\u063a\u0628\u0627\u0631 \u0648\u0645\u0636\u0627\u062f\u0629 \u0644\u0644\u062a\u062f\u0627\u062e\u0644 \u0644\u0644\u062a\u0637\u0628\u064a\u0642\u0627\u062a \u0627\u0644\u0635\u0646\u0627\u0639\u064a\u0629.<\/p>","protected":false},"featured_media":644,"template":"","meta":{"_gspb_post_css":""},"product_brand":[],"product_cat":[16],"product_tag":[80],"class_list":{"0":"post-326","1":"product","2":"type-product","3":"status-publish","4":"has-post-thumbnail","6":"product_cat-pulse-laser-cleaning-machines","7":"product_tag-pulse-laser-cleaning-machines","9":"first","10":"instock","11":"featured","12":"shipping-taxable","13":"product-type-simple"},"_links":{"self":[{"href":"https:\/\/laser-cleaners.com\/ar\/wp-json\/wp\/v2\/product\/326","targetHints":{"allow":["GET"]}}],"collection":[{"href":"https:\/\/laser-cleaners.com\/ar\/wp-json\/wp\/v2\/product"}],"about":[{"href":"https:\/\/laser-cleaners.com\/ar\/wp-json\/wp\/v2\/types\/product"}],"wp:featuredmedia":[{"embeddable":true,"href":"https:\/\/laser-cleaners.com\/ar\/wp-json\/wp\/v2\/media\/644"}],"wp:attachment":[{"href":"https:\/\/laser-cleaners.com\/ar\/wp-json\/wp\/v2\/media?parent=326"}],"wp:term":[{"taxonomy":"product_brand","embeddable":true,"href":"https:\/\/laser-cleaners.com\/ar\/wp-json\/wp\/v2\/product_brand?post=326"},{"taxonomy":"product_cat","embeddable":true,"href":"https:\/\/laser-cleaners.com\/ar\/wp-json\/wp\/v2\/product_cat?post=326"},{"taxonomy":"product_tag","embeddable":true,"href":"https:\/\/laser-cleaners.com\/ar\/wp-json\/wp\/v2\/product_tag?post=326"}],"curies":[{"name":"\u062f\u0628\u0644\u064a\u0648 \u0628\u064a","href":"https:\/\/api.w.org\/{rel}","templated":true}]}}