{"id":355,"date":"2025-10-05T12:26:46","date_gmt":"2025-10-05T12:26:46","guid":{"rendered":"https:\/\/laser-cleaners.com\/?post_type=product&#038;p=355"},"modified":"2025-10-14T09:42:02","modified_gmt":"2025-10-14T09:42:02","slug":"500-w1000-w-nanosecond-pulsed-laser-cleaner-manufacturer","status":"publish","type":"product","link":"https:\/\/laser-cleaners.com\/de\/500-w1000-w-nanosecond-pulsed-laser-cleaner-manufacturer\/","title":{"rendered":"500 W1000 W Nanosekunden gepulster Laserreiniger Hersteller"},"content":{"rendered":"<h2>Bogong Laser 500 \/ 750 \/ 1000 W Nanosekunden gepulste Laser Reinigungsmaschine<\/h2>\n<table>\n<thead>\n<tr>\n<th style=\"text-align: left;\">Artikel<\/th>\n<th style=\"text-align: left;\">Bogong-500<\/th>\n<th style=\"text-align: left;\">Bogong-750<\/th>\n<th style=\"text-align: left;\">Bogong-1000<\/th>\n<\/tr>\n<\/thead>\n<tbody>\n<tr>\n<td><strong>Mittlere Laserleistung<\/strong><\/td>\n<td>\u2265 500 W<\/td>\n<td>\u2265 750 W<\/td>\n<td>\u2265 1000 W<\/td>\n<\/tr>\n<tr>\n<td><strong>Impulsbreite<\/strong><\/td>\n<td>10 - 500 ns<\/td>\n<td>30 - 500 ns<\/td>\n<td>10 - 500 ns<\/td>\n<\/tr>\n<tr>\n<td><strong>Max Monopulse Energie<\/strong><\/td>\n<td>15 mJ - 50 mJ<\/td>\n<td>12 mJ<\/td>\n<td>50 mJ - 100 mJ<\/td>\n<\/tr>\n<tr>\n<td><strong>Wiederholfrequenz (kHz)<\/strong><\/td>\n<td>1 - 3000 kHz<\/td>\n<td>1 - 1000 kHz<\/td>\n<td>1 - 3000 kHz<\/td>\n<\/tr>\n<tr>\n<td><strong>Bereich der Leistungsregelung<\/strong><\/td>\n<td>0 - 100 % (Steigung einstellbar)<\/td>\n<td>0 - 100 %<\/td>\n<td>0 - 100 %<\/td>\n<\/tr>\n<tr>\n<td><strong>Instabilit\u00e4t der Stromversorgung<\/strong><\/td>\n<td>&lt; 5 %<\/td>\n<td>&lt; 5 %<\/td>\n<td>&lt; 5 %<\/td>\n<\/tr>\n<tr>\n<td><strong>Unterst\u00fctzte Scan-Modi<\/strong><\/td>\n<td>8<\/td>\n<td>8<\/td>\n<td>8<\/td>\n<\/tr>\n<tr>\n<td><strong>Scanbereich (L \u00d7 B)<\/strong><\/td>\n<td>0 - 145 mm einstellbar<\/td>\n<td>0 - 175 mm einstellbar<\/td>\n<td>0 - 145 mm einstellbar<\/td>\n<\/tr>\n<tr>\n<td><strong>Methode der K\u00fchlung<\/strong><\/td>\n<td>Wasserk\u00fchlung<\/td>\n<td>Wasserk\u00fchlung<\/td>\n<td>Wasserk\u00fchlung<\/td>\n<\/tr>\n<tr>\n<td><strong>L\u00e4nge des Faserkabels<\/strong><\/td>\n<td>10 m<\/td>\n<td>10 m<\/td>\n<td>10 m<\/td>\n<\/tr>\n<\/tbody>\n<\/table>\n<h2>Mechanische und umwelttechnische Spezifikationen<\/h2>\n<table>\n<thead>\n<tr>\n<th style=\"text-align: left;\">Artikel<\/th>\n<th style=\"text-align: left;\">Wert<\/th>\n<\/tr>\n<\/thead>\n<tbody>\n<tr>\n<td>Versorgungsspannung<\/td>\n<td>Einphasig 220 V \u00b1 10 %, 50\/60 Hz AC<\/td>\n<\/tr>\n<tr>\n<td>Stromverbrauch<\/td>\n<td>\u2264 5000 W (Bogong-500) \/ \u2264 6000 W (Bogong-750) \/ \u2264 8000 W (Bogong-1000)<\/td>\n<\/tr>\n<tr>\n<td>Arbeitstemperaturbereich<\/td>\n<td>5 \u00b0C bis 40 \u00b0C<\/td>\n<\/tr>\n<tr>\n<td>Luftfeuchtigkeit Grenzwert<\/td>\n<td>\u2264 80 % RH<\/td>\n<\/tr>\n<tr>\n<td>Gr\u00f6\u00dfe der Maschine (L \u00d7 B \u00d7 H)<\/td>\n<td>\u2248 1055 mm \u00d7 623 mm \u00d7 1105 mm<\/td>\n<\/tr>\n<tr>\n<td>Packungsgr\u00f6\u00dfe<\/td>\n<td>\u2248 1230 mm \u00d7 750 mm \u00d7 1280 mm<\/td>\n<\/tr>\n<tr>\n<td>Maschine Gewicht<\/td>\n<td>\u2248 250 kg<\/td>\n<\/tr>\n<tr>\n<td>Verpacktes Gewicht<\/td>\n<td>\u2248 275 kg<\/td>\n<\/tr>\n<tr>\n<td>Reinigungskopf Gewicht<\/td>\n<td>&lt; 1,5 kg<\/td>\n<\/tr>\n<tr>\n<td>Arbeitsweise<\/td>\n<td>Handheld \/ Automatisiert<\/td>\n<\/tr>\n<tr>\n<td>Sprache \/ Schnittstellenunterst\u00fctzung<\/td>\n<td>9 Sprachen, Modbus-Kommunikation, 8 Scan-Modi<\/td>\n<\/tr>\n<\/tbody>\n<\/table>\n<p>Die\u00a0<strong>500-750-1000 W Nanosekunden gepulste Laser-Reinigungsmaschine<\/strong>\u00a0ist mehr als ein Werkzeug - es ist ein Arbeitspferd f\u00fcr moderne Fabriken. Es vereint chirurgische Pr\u00e4zision mit roher Reinigungskraft, so dass Sie das m\u00fchsame manuelle Schrubben in Ihrem Formenbau, Ihrer Metallfertigungslinie oder Ihrer Oberfl\u00e4chenvorbereitungshalle \u00fcber Bord werfen k\u00f6nnen. W\u00e4hlen Sie zwischen 500, 750 oder 1000 W, \u00e4ndern Sie die Impulseinstellungen, und dieses System passt sich an - es kann d\u00fcnne Beschichtungen entfernen oder starken Rost durchdringen, ohne das Grundmaterial zu zerst\u00f6ren.<\/p>\n<p>Er ist in einem robusten Rollcontainer untergebracht und bietet ein ausgewogenes Verh\u00e4ltnis zwischen Mobilit\u00e4t und Stabilit\u00e4t (ca. 1055 \u00d7 623 \u00d7 1105 mm, ~250 kg). Im hinteren Fach k\u00f6nnen Sie Ihren Reinigungskopf und das Zubeh\u00f6r ordentlich verstauen, w\u00e4hrend der Reinigungskopf selbst weniger als 1,5 kg wiegt - leicht genug, um ihn an einem Roboter zu befestigen oder von Hand zu schwenken. Die Wasserk\u00fchlung h\u00e4lt ihn unter Last stabil.<\/p>\n<p>Das System bietet 8 Scan-Modi (anpassbar) und unterst\u00fctzt mehrere Schnittstellensprachen. Mit Modbus-Konnektivit\u00e4t l\u00e4sst es sich nahtlos in automatisierte Linien oder SPS-Steuerungen integrieren. Sie erhalten Monopulsenergien von 15 bis 50 mJ (oder h\u00f6her beim 1000-W-Modell), Pulsbreiten von 10 bis 500 ns und Leistungssteuerung von 0 bis 100 % mit &lt; 5 % Instabilit\u00e4t.<\/p>\n<p>Da die Energie in jedem Puls gleichm\u00e4\u00dfig verteilt wird, \"bei\u00dft\" sich der Laser effizient in Koks, Oxid und Verunreinigungen, w\u00e4hrend das Substrat geschont wird. Verwenden Sie ihn f\u00fcr die Reinigung von Formen, die gro\u00dffl\u00e4chige Entfernung von Rost, das Abbeizen von Farbe und \u00d6l, Schwei\u00dfspritzer oder allgemeine R\u00fcckstandsbeseitigung. Es ist ber\u00fchrungslos, ben\u00f6tigt keine Verbrauchsmaterialien und bietet eine vollst\u00e4ndige 360\u00b0-Abdeckung bei minimalem Risiko einer Besch\u00e4digung.<\/p>\n<p>Kurz gesagt: Dieser gepulste Laserreiniger befindet sich an der Schnittstelle zwischen Finesse und Kraft und bietet den Anwendern eine zuverl\u00e4ssige, automatisierte M\u00f6glichkeit zur konsistenten, schnellen und sicheren Reinigung - insbesondere in anspruchsvollen industriellen Umgebungen.<\/p>","protected":false},"excerpt":{"rendered":"<p>Ein Hochleistungs-Pulslaser-Reinigungssystem (500\/750\/1000 W) f\u00fcr die pr\u00e4zise, automatisierte Reinigung in verschiedenen Branchen. Wassergek\u00fchlt, mit 8 Scan-Modi, mehrsprachiger Unterst\u00fctzung und kompaktem Reinigungskopf (&lt; 1,5 kg). Ideal f\u00fcr Gussformen, Rostentfernung, Beschichtungen und feine Metallteile.<\/p>","protected":false},"featured_media":638,"template":"","meta":{"_gspb_post_css":""},"product_brand":[],"product_cat":[16],"product_tag":[82],"class_list":{"0":"post-355","1":"product","2":"type-product","3":"status-publish","4":"has-post-thumbnail","6":"product_cat-pulse-laser-cleaning-machines","7":"product_tag-nanosecond-pulsed-laser-cleaner","9":"first","10":"instock","11":"featured","12":"shipping-taxable","13":"product-type-simple"},"_links":{"self":[{"href":"https:\/\/laser-cleaners.com\/de\/wp-json\/wp\/v2\/product\/355","targetHints":{"allow":["GET"]}}],"collection":[{"href":"https:\/\/laser-cleaners.com\/de\/wp-json\/wp\/v2\/product"}],"about":[{"href":"https:\/\/laser-cleaners.com\/de\/wp-json\/wp\/v2\/types\/product"}],"wp:featuredmedia":[{"embeddable":true,"href":"https:\/\/laser-cleaners.com\/de\/wp-json\/wp\/v2\/media\/638"}],"wp:attachment":[{"href":"https:\/\/laser-cleaners.com\/de\/wp-json\/wp\/v2\/media?parent=355"}],"wp:term":[{"taxonomy":"product_brand","embeddable":true,"href":"https:\/\/laser-cleaners.com\/de\/wp-json\/wp\/v2\/product_brand?post=355"},{"taxonomy":"product_cat","embeddable":true,"href":"https:\/\/laser-cleaners.com\/de\/wp-json\/wp\/v2\/product_cat?post=355"},{"taxonomy":"product_tag","embeddable":true,"href":"https:\/\/laser-cleaners.com\/de\/wp-json\/wp\/v2\/product_tag?post=355"}],"curies":[{"name":"wp","href":"https:\/\/api.w.org\/{rel}","templated":true}]}}