{"id":326,"date":"2025-10-05T09:43:53","date_gmt":"2025-10-05T09:43:53","guid":{"rendered":"https:\/\/laser-cleaners.com\/?post_type=product&#038;p=326"},"modified":"2025-10-14T09:42:11","modified_gmt":"2025-10-14T09:42:11","slug":"300-w-500-w-suitcase-pulse-laser-cleaning-machines-factory","status":"publish","type":"product","link":"https:\/\/laser-cleaners.com\/es\/300-w-500-w-suitcase-pulse-laser-cleaning-machines-factory\/","title":{"rendered":"300 W \/ 500 W Maleta de pulso l\u00e1ser de limpieza de m\u00e1quinas de f\u00e1brica"},"content":{"rendered":"<p>Bogong Laser - M\u00e1quina de limpieza l\u00e1ser de pulsos de maleta: 300 W &amp; 500 W<\/p>\n<table>\n<thead>\n<tr>\n<th style=\"text-align: left;\">Par\u00e1metro<\/th>\n<th style=\"text-align: left;\">Modelo de 300 W<\/th>\n<th style=\"text-align: left;\">Modelo de 500 W<\/th>\n<\/tr>\n<\/thead>\n<tbody>\n<tr>\n<td>Modos de limpieza \/ patrones de exploraci\u00f3n<\/td>\n<td>9 modos<\/td>\n<td>9 modos<\/td>\n<\/tr>\n<tr>\n<td>Peso del cabezal de limpieza<\/td>\n<td>&lt; 1,25 kg<\/td>\n<td>&lt; 1,5 kg<\/td>\n<\/tr>\n<tr>\n<td>Sensor de distancia (pistola)<\/td>\n<td>S\u00ed (muestra \"999\" cuando no hay objeto, no hay emisi\u00f3n)<\/td>\n<td>-<\/td>\n<\/tr>\n<tr>\n<td>Visualizaci\u00f3n de la distancia focal (ca\u00f1\u00f3n)<\/td>\n<td>S\u00ed, digital en tiempo real<\/td>\n<td>S\u00ed, muestra la distancia focal<\/td>\n<\/tr>\n<tr>\n<td>A prueba de polvo \/ Dise\u00f1o antiinterferencias<\/td>\n<td>S\u00ed<\/td>\n<td>S\u00ed<\/td>\n<\/tr>\n<tr>\n<td>Junta \/ cerramiento \/ soplado de aire<\/td>\n<td>-<\/td>\n<td>Sellado antipolvo + sistema cerrado de soplado de aire<\/td>\n<\/tr>\n<tr>\n<td>Visualizaci\u00f3n del estado en tiempo real<\/td>\n<td>S\u00ed<\/td>\n<td>-<\/td>\n<\/tr>\n<tr>\n<td>Mensaje de error<\/td>\n<td>S\u00ed<\/td>\n<td>-<\/td>\n<\/tr>\n<tr>\n<td style=\"text-align: left;\">Idiomas admitidos<\/td>\n<td style=\"text-align: left;\">16<\/td>\n<td style=\"text-align: left;\">-<\/td>\n<\/tr>\n<\/tbody>\n<\/table>\n<p>Adem\u00e1s, de los listados relacionados (para el modelo de 300 W) obtuve estas especificaciones num\u00e9ricas:<\/p>\n<table>\n<thead>\n<tr>\n<th style=\"text-align: left;\">Par\u00e1metro<\/th>\n<th style=\"text-align: left;\">Valor (modelo de 300 W, derivado)<\/th>\n<\/tr>\n<\/thead>\n<tbody>\n<tr>\n<td>Tensi\u00f3n de trabajo<\/td>\n<td>110 V \/ 220 V \u00b110 %, 50\/60 Hz<\/td>\n<\/tr>\n<tr>\n<td>Frecuencia de impulsos<\/td>\n<td>1 - 4.000 kHz<\/td>\n<\/tr>\n<tr>\n<td>Energ\u00eda de impulso m\u00e1xima<\/td>\n<td>12,5 mJ<\/td>\n<\/tr>\n<tr>\n<td>Ancho de pulso<\/td>\n<td>2 - 500 ns<\/td>\n<\/tr>\n<tr>\n<td>M\u00e9todo de refrigeraci\u00f3n<\/td>\n<td>Refrigeraci\u00f3n por aire<\/td>\n<\/tr>\n<tr>\n<td>Limpieza \/ \u00e1rea de escaneado<\/td>\n<td>140 \u00d7 140 mm<\/td>\n<\/tr>\n<tr>\n<td>Dimensiones de la m\u00e1quina<\/td>\n<td>520 \u00d7 330 \u00d7 730 mm<\/td>\n<\/tr>\n<tr>\n<td>Peso neto \/ m\u00e1quina<\/td>\n<td>~ 60 kg<\/td>\n<\/tr>\n<tr>\n<td>Longitud del cable de fibra<\/td>\n<td>5 m<\/td>\n<\/tr>\n<tr>\n<td style=\"text-align: left;\">Temperatura ambiente de funcionamiento<\/td>\n<td style=\"text-align: left;\">10 - 40 \u00b0C<\/td>\n<\/tr>\n<\/tbody>\n<\/table>","protected":false},"excerpt":{"rendered":"<p>M\u00e1quina de limpieza l\u00e1ser de pulsos de maleta de 300 W \/ 500 W de alta potencia - unidad de eliminaci\u00f3n de \u00f3xido\/pintura l\u00e1ser multimodo port\u00e1til con pantalla focal digital, sensor de distancia incorporado, dise\u00f1o de maleta compacta, caracter\u00edsticas antipolvo y antiinterferencias para aplicaciones industriales.<\/p>","protected":false},"featured_media":644,"template":"","meta":{"_gspb_post_css":""},"product_brand":[],"product_cat":[16],"product_tag":[80],"class_list":{"0":"post-326","1":"product","2":"type-product","3":"status-publish","4":"has-post-thumbnail","6":"product_cat-pulse-laser-cleaning-machines","7":"product_tag-pulse-laser-cleaning-machines","9":"first","10":"instock","11":"featured","12":"shipping-taxable","13":"product-type-simple"},"_links":{"self":[{"href":"https:\/\/laser-cleaners.com\/es\/wp-json\/wp\/v2\/product\/326","targetHints":{"allow":["GET"]}}],"collection":[{"href":"https:\/\/laser-cleaners.com\/es\/wp-json\/wp\/v2\/product"}],"about":[{"href":"https:\/\/laser-cleaners.com\/es\/wp-json\/wp\/v2\/types\/product"}],"wp:featuredmedia":[{"embeddable":true,"href":"https:\/\/laser-cleaners.com\/es\/wp-json\/wp\/v2\/media\/644"}],"wp:attachment":[{"href":"https:\/\/laser-cleaners.com\/es\/wp-json\/wp\/v2\/media?parent=326"}],"wp:term":[{"taxonomy":"product_brand","embeddable":true,"href":"https:\/\/laser-cleaners.com\/es\/wp-json\/wp\/v2\/product_brand?post=326"},{"taxonomy":"product_cat","embeddable":true,"href":"https:\/\/laser-cleaners.com\/es\/wp-json\/wp\/v2\/product_cat?post=326"},{"taxonomy":"product_tag","embeddable":true,"href":"https:\/\/laser-cleaners.com\/es\/wp-json\/wp\/v2\/product_tag?post=326"}],"curies":[{"name":"wp","href":"https:\/\/api.w.org\/{rel}","templated":true}]}}