{"id":342,"date":"2025-10-05T10:31:11","date_gmt":"2025-10-05T10:31:11","guid":{"rendered":"https:\/\/laser-cleaners.com\/?post_type=product&#038;p=342"},"modified":"2025-10-14T09:42:08","modified_gmt":"2025-10-14T09:42:08","slug":"custom-300-w-backpack-rust-removal-laser-cleaner-wholesaler","status":"publish","type":"product","link":"https:\/\/laser-cleaners.com\/es\/custom-300-w-backpack-rust-removal-laser-cleaner-wholesaler\/","title":{"rendered":"Mayorista de limpiadores l\u00e1ser de mochila de 300 W personalizados para la eliminaci\u00f3n de \u00f3xido"},"content":{"rendered":"<p>El Bogong Laser 300 W Backpack Rust Stripping Laser Cleaner es un sistema port\u00e1til de limpieza por l\u00e1ser pulsado de alta eficiencia con una bater\u00eda de litio extra\u00edble. Est\u00e1 dise\u00f1ado para la eliminaci\u00f3n m\u00f3vil de \u00f3xido, pintura, aceite y revestimientos en lugares de dif\u00edcil acceso. La unidad compacta tipo mochila permite libertad de movimientos y es ideal para la limpieza de superficies en entornos industriales, de restauraci\u00f3n, mantenimiento y sobre el terreno. El sistema incluye un cabezal de exploraci\u00f3n ajustable, patrones de exploraci\u00f3n multimodo, pantalla de enfoque digital y sensores de seguridad para garantizar una limpieza precisa, sin contacto y sin abrasi\u00f3n, sin da\u00f1ar el sustrato.<\/p>\n<h2>Tabla de especificaciones t\u00e9cnicas<\/h2>\n<table>\n<thead>\n<tr>\n<th style=\"text-align: left;\">Par\u00e1metro<\/th>\n<th style=\"text-align: left;\">Valor<\/th>\n<\/tr>\n<\/thead>\n<tbody>\n<tr>\n<td>Longitud de onda<\/td>\n<td>1064 nm<\/td>\n<\/tr>\n<tr>\n<td>Ancho de pulso<\/td>\n<td>13 - 500 ns<\/td>\n<\/tr>\n<tr>\n<td>Rango de regulaci\u00f3n de potencia<\/td>\n<td>0 - 100 % (gradiente ajustable)<\/td>\n<\/tr>\n<tr>\n<td>Frecuencia de repetici\u00f3n<\/td>\n<td>1 - 3.000 kHz<\/td>\n<\/tr>\n<tr>\n<td>Energ\u00eda m\u00e1xima de un impulso<\/td>\n<td>5 mJ - 15 mJ<\/td>\n<\/tr>\n<tr>\n<td>Potencia media del l\u00e1ser<\/td>\n<td>\u2265 300 W<\/td>\n<\/tr>\n<tr>\n<td>Inestabilidad el\u00e9ctrica<\/td>\n<td>&lt; 5 %<\/td>\n<\/tr>\n<tr>\n<td>Modo refrigeraci\u00f3n<\/td>\n<td>Refrigeraci\u00f3n por aire<\/td>\n<\/tr>\n<tr>\n<td>Longitud del cable de fibra<\/td>\n<td>1.5 m<\/td>\n<\/tr>\n<tr>\n<td>Alcance de exploraci\u00f3n (longitud \u00d7 anchura)<\/td>\n<td>0 ~ 145 mm (ajuste continuo)<\/td>\n<\/tr>\n<tr>\n<td>Modos de escaneado admitidos<\/td>\n<td>9 modos de exploraci\u00f3n (multipatr\u00f3n)<\/td>\n<\/tr>\n<tr>\n<td>Opciones de lentes de campo (longitud focal)<\/td>\n<td>160 mm (opcional 210 \/ 254 \/ 330 \/ 420 mm)<\/td>\n<\/tr>\n<tr>\n<td>Profundidad de enfoque<\/td>\n<td>\u2248 5 mm<\/td>\n<\/tr>\n<tr>\n<td>Temperatura de funcionamiento<\/td>\n<td>5 \u00b0C ~ 40 \u00b0C<\/td>\n<\/tr>\n<tr>\n<td>Humedad de funcionamiento<\/td>\n<td>\u2264 80 %<\/td>\n<\/tr>\n<tr>\n<td>Tama\u00f1o de la m\u00e1quina (sin bater\u00eda)<\/td>\n<td>268 \u00d7 135 \u00d7 445 mm<\/td>\n<\/tr>\n<tr>\n<td>Tama\u00f1o de la m\u00e1quina (con bater\u00eda)<\/td>\n<td>268 \u00d7 191,5 \u00d7 445 mm<\/td>\n<\/tr>\n<tr>\n<td>Peso neto (sin bater\u00eda)<\/td>\n<td>~ 13.47 kg<\/td>\n<\/tr>\n<tr>\n<td>Peso neto (con bater\u00eda)<\/td>\n<td>~ 18.08 kg<\/td>\n<\/tr>\n<tr>\n<td>Tama\u00f1o del envase (m\u00e1quina)<\/td>\n<td>860 \u00d7 840 \u00d7 420 mm<\/td>\n<\/tr>\n<tr>\n<td>Peso (sin bater\u00eda)<\/td>\n<td>~ 24 kg<\/td>\n<\/tr>\n<tr>\n<td>Peso (con bater\u00eda)<\/td>\n<td>~ 28,5 kg<\/td>\n<\/tr>\n<tr>\n<td>Peso del embalaje de exportaci\u00f3n<\/td>\n<td>51 kg (sin bater\u00eda) \/ 56 kg (con bater\u00eda)<\/td>\n<\/tr>\n<tr>\n<td>Peso del cabezal de limpieza (sin cabezal \u00f3ptico)<\/td>\n<td>&lt; 0,75 kg<\/td>\n<\/tr>\n<tr>\n<td>Modo de funcionamiento<\/td>\n<td>Pantalla de control inal\u00e1mbrico<\/td>\n<\/tr>\n<tr>\n<td>Tensi\u00f3n de alimentaci\u00f3n<\/td>\n<td>AC 220V \u00b110 %, 50\/60 Hz (salida del adaptador DC 48V)<\/td>\n<\/tr>\n<tr>\n<td>Uso de la bater\u00eda (opcional)<\/td>\n<td>~ 80 minutos continuos a 200 W<\/td>\n<\/tr>\n<tr>\n<td>Consumo de energ\u00eda<\/td>\n<td>\u2264 1,100 W<\/td>\n<\/tr>\n<tr>\n<td style=\"text-align: left;\">Apoyo ling\u00fc\u00edstico<\/td>\n<td>\n<p style=\"text-align: left;\">16 idiomas (multirregi\u00f3n)<\/p>\n<p style=\"text-align: left;\">\n<\/td>\n<\/tr>\n<\/tbody>\n<\/table>","protected":false},"excerpt":{"rendered":"<p>El limpiador l\u00e1ser antioxidante de mochila Bogong Laser 300 W combina portabilidad y gran potencia de limpieza con un pack de litio extra\u00edble. Ideal para \u00f3xido, pintura, aceite y revestimientos en zonas estrechas o remotas. Dispone de escaneo multimodo, pantalla de enfoque digital y sensores de seguridad.<\/p>","protected":false},"featured_media":636,"template":"","meta":{"_gspb_post_css":""},"product_brand":[],"product_cat":[16],"product_tag":[81],"class_list":{"0":"post-342","1":"product","2":"type-product","3":"status-publish","4":"has-post-thumbnail","6":"product_cat-pulse-laser-cleaning-machines","7":"product_tag-backpack-laser-cleaner","9":"first","10":"instock","11":"featured","12":"shipping-taxable","13":"product-type-simple"},"_links":{"self":[{"href":"https:\/\/laser-cleaners.com\/es\/wp-json\/wp\/v2\/product\/342","targetHints":{"allow":["GET"]}}],"collection":[{"href":"https:\/\/laser-cleaners.com\/es\/wp-json\/wp\/v2\/product"}],"about":[{"href":"https:\/\/laser-cleaners.com\/es\/wp-json\/wp\/v2\/types\/product"}],"wp:featuredmedia":[{"embeddable":true,"href":"https:\/\/laser-cleaners.com\/es\/wp-json\/wp\/v2\/media\/636"}],"wp:attachment":[{"href":"https:\/\/laser-cleaners.com\/es\/wp-json\/wp\/v2\/media?parent=342"}],"wp:term":[{"taxonomy":"product_brand","embeddable":true,"href":"https:\/\/laser-cleaners.com\/es\/wp-json\/wp\/v2\/product_brand?post=342"},{"taxonomy":"product_cat","embeddable":true,"href":"https:\/\/laser-cleaners.com\/es\/wp-json\/wp\/v2\/product_cat?post=342"},{"taxonomy":"product_tag","embeddable":true,"href":"https:\/\/laser-cleaners.com\/es\/wp-json\/wp\/v2\/product_tag?post=342"}],"curies":[{"name":"wp","href":"https:\/\/api.w.org\/{rel}","templated":true}]}}