{"id":365,"date":"2025-10-06T08:43:57","date_gmt":"2025-10-06T08:43:57","guid":{"rendered":"https:\/\/laser-cleaners.com\/?post_type=product&#038;p=365"},"modified":"2025-10-14T09:41:56","modified_gmt":"2025-10-14T09:41:56","slug":"wholesale-price-high-efficiency-3kw-laser-cleaning-machines","status":"publish","type":"product","link":"https:\/\/laser-cleaners.com\/es\/wholesale-price-high-efficiency-3kw-laser-cleaning-machines\/","title":{"rendered":"Precio al por mayor M\u00e1quinas de limpieza l\u00e1ser de alta eficiencia 3KW"},"content":{"rendered":"<h2>Especificaciones del producto - Paquete de m\u00e1quina de limpieza l\u00e1ser de 3000 W + purificador de humo<\/h2>\n<table>\n<thead>\n<tr>\n<th>Par\u00e1metro<\/th>\n<th>Especificaci\u00f3n<\/th>\n<\/tr>\n<\/thead>\n<tbody>\n<tr>\n<td>Nombre \/ Modelo<\/td>\n<td>M\u00e1quina l\u00e1ser de 3000 W para la eliminaci\u00f3n de \u00f3xido<\/td>\n<\/tr>\n<tr>\n<td>Potencia l\u00e1ser<\/td>\n<td>3000 W<\/td>\n<\/tr>\n<tr>\n<td>Tipo l\u00e1ser<\/td>\n<td>Modo continuo \/ modulaci\u00f3n<\/td>\n<\/tr>\n<tr>\n<td>Fuente l\u00e1ser<\/td>\n<td>L\u00e1ser de fibra MAX, 1080 nm<\/td>\n<\/tr>\n<tr>\n<td>Longitud del cable<\/td>\n<td>20 m (est\u00e1ndar)<\/td>\n<\/tr>\n<tr>\n<td>Anchura de exploraci\u00f3n<\/td>\n<td>160 \u00b1 10 mm<\/td>\n<\/tr>\n<tr>\n<td>M\u00e9todo de refrigeraci\u00f3n<\/td>\n<td>Refrigeraci\u00f3n por agua<\/td>\n<\/tr>\n<tr>\n<td>Potencia \/ Consumo total<\/td>\n<td>13 kW<\/td>\n<\/tr>\n<tr>\n<td>Peso de la cabeza del ca\u00f1\u00f3n<\/td>\n<td>~750 g<\/td>\n<\/tr>\n<tr>\n<td>Dimensiones del paquete<\/td>\n<td>1240 \u00d7 584 \u00d7 1148 mm<\/td>\n<\/tr>\n<tr>\n<td>Modelo de purificador de humo<\/td>\n<td>SFX-400L<\/td>\n<\/tr>\n<tr>\n<td>Tensi\u00f3n de entrada del purificador<\/td>\n<td>CA 230 V 50 Hz<\/td>\n<\/tr>\n<tr>\n<td>Potencia nominal del purificador<\/td>\n<td>700 W (sin carga), 600 W (con carga)<\/td>\n<\/tr>\n<tr>\n<td>Efecto de filtraci\u00f3n<\/td>\n<td>0,5 \u00b5m @ 99,9 %<\/td>\n<\/tr>\n<tr>\n<td>Entrada de aire<\/td>\n<td>\u00d875 mm \/ \u00d8100 mm<\/td>\n<\/tr>\n<tr>\n<td>Ruido<\/td>\n<td>60-65 dB<\/td>\n<\/tr>\n<tr>\n<td>Volumen m\u00e1ximo de aire<\/td>\n<td>800 m\u00b3\/h (sin carga), 600 m\u00b3\/h (a plena carga)<\/td>\n<\/tr>\n<tr>\n<td>Peso del purificador<\/td>\n<td>46 kg<\/td>\n<\/tr>\n<tr>\n<td>Tama\u00f1o del purificador<\/td>\n<td>500 \u00d7 380 \u00d7 1050 mm<\/td>\n<\/tr>\n<tr>\n<td>Garant\u00eda<\/td>\n<td>2 a\u00f1os para la fuente l\u00e1ser; 1 a\u00f1o para la m\u00e1quina completa<\/td>\n<\/tr>\n<\/tbody>\n<\/table>","protected":false},"excerpt":{"rendered":"<p>M\u00e1quina l\u00e1ser de eliminaci\u00f3n de \u00f3xido de 3000W de alta eficiencia con l\u00e1ser de fibra MAX, cable de 20m, refrigeraci\u00f3n por agua. Limpieza precisa, duradera y respetuosa con el medio ambiente.<\/p>","protected":false},"featured_media":631,"template":"","meta":{"_gspb_post_css":""},"product_brand":[],"product_cat":[79],"product_tag":[],"class_list":{"0":"post-365","1":"product","2":"type-product","3":"status-publish","4":"has-post-thumbnail","6":"product_cat-continuous-laser-cleaning-machines","8":"first","9":"instock","10":"featured","11":"shipping-taxable","12":"product-type-simple"},"_links":{"self":[{"href":"https:\/\/laser-cleaners.com\/es\/wp-json\/wp\/v2\/product\/365","targetHints":{"allow":["GET"]}}],"collection":[{"href":"https:\/\/laser-cleaners.com\/es\/wp-json\/wp\/v2\/product"}],"about":[{"href":"https:\/\/laser-cleaners.com\/es\/wp-json\/wp\/v2\/types\/product"}],"wp:featuredmedia":[{"embeddable":true,"href":"https:\/\/laser-cleaners.com\/es\/wp-json\/wp\/v2\/media\/631"}],"wp:attachment":[{"href":"https:\/\/laser-cleaners.com\/es\/wp-json\/wp\/v2\/media?parent=365"}],"wp:term":[{"taxonomy":"product_brand","embeddable":true,"href":"https:\/\/laser-cleaners.com\/es\/wp-json\/wp\/v2\/product_brand?post=365"},{"taxonomy":"product_cat","embeddable":true,"href":"https:\/\/laser-cleaners.com\/es\/wp-json\/wp\/v2\/product_cat?post=365"},{"taxonomy":"product_tag","embeddable":true,"href":"https:\/\/laser-cleaners.com\/es\/wp-json\/wp\/v2\/product_tag?post=365"}],"curies":[{"name":"wp","href":"https:\/\/api.w.org\/{rel}","templated":true}]}}