{"id":371,"date":"2025-10-06T08:54:24","date_gmt":"2025-10-06T08:54:24","guid":{"rendered":"https:\/\/laser-cleaners.com\/?post_type=product&#038;p=371"},"modified":"2025-10-14T12:41:20","modified_gmt":"2025-10-14T12:41:20","slug":"1000w-1500w-2000w-3000w-continuous-laser-cleaning-machines","status":"publish","type":"product","link":"https:\/\/laser-cleaners.com\/es\/1000w-1500w-2000w-3000w-continuous-laser-cleaning-machines\/","title":{"rendered":"M\u00e1quinas de limpieza l\u00e1ser continua de 1000W 1500W 2000W 3000W"},"content":{"rendered":"<table>\n<thead>\n<tr>\n<th>Par\u00e1metro<\/th>\n<th>Especificaci\u00f3n<\/th>\n<\/tr>\n<\/thead>\n<tbody>\n<tr>\n<td>Potencia<\/td>\n<td>1000 W \/ 1500 W \/ 2000 W \/ 3000 W<\/td>\n<\/tr>\n<tr>\n<td>Longitud de onda del l\u00e1ser<\/td>\n<td>1070 nm<\/td>\n<\/tr>\n<tr>\n<td>Sistema de refrigeraci\u00f3n<\/td>\n<td>Refrigeraci\u00f3n por agua<\/td>\n<\/tr>\n<tr>\n<td>Modo de trabajo<\/td>\n<td>Continuo \/ Modulaci\u00f3n<\/td>\n<\/tr>\n<tr>\n<td>Longitud de fibra (est\u00e1ndar)<\/td>\n<td>10 m (personalizable hasta 15 m)<\/td>\n<\/tr>\n<tr>\n<td>Velocidad de escaneado<\/td>\n<td>0 ~ 120 mm\/s<\/td>\n<\/tr>\n<tr>\n<td>Di\u00e1metro del punto focal<\/td>\n<td>0,5 mm<\/td>\n<\/tr>\n<tr>\n<td>Humedad ambiente<\/td>\n<td>&lt; 70% (sin condensaci\u00f3n)<\/td>\n<\/tr>\n<tr>\n<td>Temperatura ambiente<\/td>\n<td>15 \u2103 ~ 35 \u2103<\/td>\n<\/tr>\n<tr>\n<td>Tensi\u00f3n de funcionamiento<\/td>\n<td>3P AC 220V \/ 50Hz o 380V \u00b15% 60Hz<\/td>\n<\/tr>\n<\/tbody>\n<\/table>","protected":false},"excerpt":{"rendered":"<p>Sistema de limpieza por l\u00e1ser continuo de alta precisi\u00f3n (1000-3000 W) con l\u00e1ser de fibra de 1070 nm, refrigeraci\u00f3n por agua, modos continuo\/modulaci\u00f3n, 10 m de longitud de fibra (personalizable), sin contacto, ecol\u00f3gico, automatizado, ideal para la eliminaci\u00f3n de \u00f3xido, pintura, en todas las industrias.<\/p>","protected":false},"featured_media":628,"template":"","meta":{"_gspb_post_css":""},"product_brand":[],"product_cat":[79],"product_tag":[],"class_list":{"0":"post-371","1":"product","2":"type-product","3":"status-publish","4":"has-post-thumbnail","6":"product_cat-continuous-laser-cleaning-machines","8":"first","9":"instock","10":"featured","11":"shipping-taxable","12":"product-type-simple"},"_links":{"self":[{"href":"https:\/\/laser-cleaners.com\/es\/wp-json\/wp\/v2\/product\/371","targetHints":{"allow":["GET"]}}],"collection":[{"href":"https:\/\/laser-cleaners.com\/es\/wp-json\/wp\/v2\/product"}],"about":[{"href":"https:\/\/laser-cleaners.com\/es\/wp-json\/wp\/v2\/types\/product"}],"wp:featuredmedia":[{"embeddable":true,"href":"https:\/\/laser-cleaners.com\/es\/wp-json\/wp\/v2\/media\/628"}],"wp:attachment":[{"href":"https:\/\/laser-cleaners.com\/es\/wp-json\/wp\/v2\/media?parent=371"}],"wp:term":[{"taxonomy":"product_brand","embeddable":true,"href":"https:\/\/laser-cleaners.com\/es\/wp-json\/wp\/v2\/product_brand?post=371"},{"taxonomy":"product_cat","embeddable":true,"href":"https:\/\/laser-cleaners.com\/es\/wp-json\/wp\/v2\/product_cat?post=371"},{"taxonomy":"product_tag","embeddable":true,"href":"https:\/\/laser-cleaners.com\/es\/wp-json\/wp\/v2\/product_tag?post=371"}],"curies":[{"name":"wp","href":"https:\/\/api.w.org\/{rel}","templated":true}]}}