{"id":781,"date":"2025-11-20T13:33:35","date_gmt":"2025-11-20T13:33:35","guid":{"rendered":"https:\/\/laser-cleaners.com\/?post_type=product&#038;p=781"},"modified":"2025-11-20T13:40:49","modified_gmt":"2025-11-20T13:40:49","slug":"portable-handheld-laser-cleaner-for-sale-at-cost-price","status":"publish","type":"product","link":"https:\/\/laser-cleaners.com\/es\/portable-handheld-laser-cleaner-for-sale-at-cost-price\/","title":{"rendered":"Limpiador L\u00e1ser Port\u00e1til De Mano En Venta A Precio De Coste"},"content":{"rendered":"<p>Tal vez se haya dado cuenta de que las m\u00e1quinas de limpieza l\u00e1ser son muy populares estos a\u00f1os. Estos peque\u00f1os dispositivos manuales se utilizan para limpiar superficies, eliminar \u00f3xido, decapar pintura y preparar materiales en muchas industrias.<\/p>\n<p>\u00bfEst\u00e1 buscando el mejor limpiador l\u00e1ser de fibra para su negocio? Aqu\u00ed le mostramos un modelo popular que gusta a muchos clientes. Le explicaremos sus caracter\u00edsticas y c\u00f3mo funciona. No espere m\u00e1s: \u00a1elija hoy mismo el mejor limpiador l\u00e1ser port\u00e1til de mano de 2025!<\/p>\n<figure id=\"attachment_627\" aria-describedby=\"caption-attachment-627\" style=\"width: 300px\" class=\"wp-caption alignnone\"><img fetchpriority=\"high\" decoding=\"async\" class=\"size-medium wp-image-627\" src=\"https:\/\/laser-cleaners.com\/wp-content\/uploads\/2025\/10\/laser-cleaner-300w-300x300.jpg\" alt=\"limpiador l\u00e1ser\" width=\"300\" height=\"300\" srcset=\"https:\/\/laser-cleaners.com\/wp-content\/uploads\/2025\/10\/laser-cleaner-300w-300x300.jpg 300w, https:\/\/laser-cleaners.com\/wp-content\/uploads\/2025\/10\/laser-cleaner-300w-150x150.jpg 150w, https:\/\/laser-cleaners.com\/wp-content\/uploads\/2025\/10\/laser-cleaner-300w-12x12.jpg 12w, https:\/\/laser-cleaners.com\/wp-content\/uploads\/2025\/10\/laser-cleaner-300w-500x500.jpg 500w, https:\/\/laser-cleaners.com\/wp-content\/uploads\/2025\/10\/laser-cleaner-300w-600x600.jpg 600w, https:\/\/laser-cleaners.com\/wp-content\/uploads\/2025\/10\/laser-cleaner-300w-100x100.jpg 100w, https:\/\/laser-cleaners.com\/wp-content\/uploads\/2025\/10\/laser-cleaner-300w.jpg 750w\" sizes=\"(max-width: 300px) 100vw, 300px\" \/><figcaption id=\"caption-attachment-627\" class=\"wp-caption-text\">limpiador l\u00e1ser<\/figcaption><\/figure>\n<h2>\u00bfQu\u00e9 es un limpiador l\u00e1ser de fibra manual?<\/h2>\n<p>Un limpiador l\u00e1ser de fibra manual es un dispositivo que utiliza tecnolog\u00eda l\u00e1ser para eliminar materiales superficiales como \u00f3xido, pintura, revestimientos y contaminantes. Funciona emitiendo un haz l\u00e1ser continuo o pulsado que calienta la superficie, haciendo que el material no deseado se evapore o vaporice. Este proceso, conocido como ablaci\u00f3n por l\u00e1ser, limpia eficazmente las superficies sin necesidad de productos qu\u00edmicos ni m\u00e9todos mec\u00e1nicos.<\/p>\n<p>La limpieza l\u00e1ser es una alternativa ecol\u00f3gica a los m\u00e9todos de limpieza tradicionales. Tambi\u00e9n se denomina eliminaci\u00f3n de \u00f3xido por l\u00e1ser, decapado de pintura, eliminaci\u00f3n de revestimientos, limpieza de \u00f3xido, limpieza de aceite o eliminaci\u00f3n de suciedad. El dise\u00f1o port\u00e1til ofrece comodidad y flexibilidad, permitiendo al operario maniobrar con facilidad y acceder con precisi\u00f3n a zonas de dif\u00edcil acceso.<\/p>\n<p><iframe title=\"\u00bfQu\u00e9 es una m\u00e1quina de limpieza l\u00e1ser?\" width=\"1360\" height=\"765\" src=\"https:\/\/www.youtube.com\/embed\/J-EgRQLMMhs?feature=oembed\" frameborder=\"0\" allow=\"accelerometer; autoplay; clipboard-write; encrypted-media; gyroscope; picture-in-picture; web-share\" referrerpolicy=\"strict-origin-when-cross-origin\" allowfullscreen><\/iframe><\/p>\n<p>Tipos de sistemas port\u00e1tiles de limpieza l\u00e1ser<\/p>\n<p>Los sistemas port\u00e1tiles de limpieza por l\u00e1ser son principalmente de dos tipos: CW (onda continua) y pulsado.<\/p>\n<p>1.<a href=\"https:\/\/laser-cleaners.com\/es\/continuous-laser-cleaning-machines\/\">Limpiador l\u00e1ser CW<\/a>: Utiliza un cabezal manual con una fuente l\u00e1ser de fibra continua. Es rentable e ideal para tareas de limpieza ligeras como la eliminaci\u00f3n de \u00f3xido o pintura fina del acero inoxidable, acero dulce o hierro. Las opciones de potencia suelen oscilar entre 1.000 y 3.000 W.<\/p>\n<p>2. <a href=\"http:\/\/Pulsed Laser Cleaner\">Limpiador l\u00e1ser pulsado<\/a>:Incorpora un l\u00e1ser de fibra pulsada y un cabezal de escaneado galvo. Es adecuado para superficies de gran valor o delicadas que requieren una limpieza cuidadosa sin da\u00f1arlas. Los l\u00e1seres pulsados son preferibles cuando la precisi\u00f3n y la seguridad son fundamentales.<\/p>\n<p><iframe title=\"Diferencias entre la limpieza l\u00e1ser por impulsos y la limpieza l\u00e1ser CW (limpieza l\u00e1ser continua)\" width=\"1360\" height=\"765\" src=\"https:\/\/www.youtube.com\/embed\/sfAC99_-dws?feature=oembed\" frameborder=\"0\" allow=\"accelerometer; autoplay; clipboard-write; encrypted-media; gyroscope; picture-in-picture; web-share\" referrerpolicy=\"strict-origin-when-cross-origin\" allowfullscreen><\/iframe><\/p>\n<p><strong>Tipos de m\u00e9todos de limpieza l\u00e1ser<\/strong><\/p>\n<p>Existen cuatro tipos principales de t\u00e9cnicas de limpieza l\u00e1ser:<\/p>\n<p><strong>Limpieza en seco por l\u00e1ser:<\/strong>\u00a0Utiliza la radiaci\u00f3n l\u00e1ser directa para eliminar los contaminantes sin ning\u00fan medio adicional.<\/p>\n<p><strong>L\u00e1ser + pel\u00edcula l\u00edquida:<\/strong>\u00a0Consiste en aplicar una capa l\u00edquida sobre la superficie y, a continuaci\u00f3n, utilizar radiaci\u00f3n l\u00e1ser para limpiarla. El l\u00edquido ayuda a mejorar la eficacia de la limpieza y a evitar da\u00f1os en la superficie.<\/p>\n<p><strong>L\u00e1ser + Gas inerte:<\/strong>\u00a0Durante la irradiaci\u00f3n l\u00e1ser, se sopla un gas inerte (como nitr\u00f3geno o arg\u00f3n) sobre la superficie. Esto ayuda a desprender la suciedad y sopla inmediatamente los restos para evitar la recontaminaci\u00f3n o la oxidaci\u00f3n.<\/p>\n<p><strong>Aflojamiento por l\u00e1ser + Limpieza qu\u00edmica:<\/strong>\u00a0Despu\u00e9s de que el l\u00e1ser desprenda la suciedad o los revestimientos, se utilizan m\u00e9todos qu\u00edmicos para limpiar la superficie. Este m\u00e9todo suele utilizarse para limpiar reliquias culturales de piedra.<\/p>\n<p>Los tres primeros m\u00e9todos son los m\u00e1s comunes. El cuarto suele utilizarse para aplicaciones especializadas, como la conservaci\u00f3n cultural. Sea cual sea el m\u00e9todo, las precauciones de seguridad son esenciales durante la operaci\u00f3n.<\/p>\n<p>Los sistemas de limpieza l\u00e1ser est\u00e1n automatizados, son f\u00e1ciles de manejar y no requieren productos qu\u00edmicos ni agua. Son rentables, con enfoque ajustable, limpieza a alta velocidad y excelente acabado superficial. Pueden eliminar resinas, aceites, manchas, \u00f3xido, revestimientos, chapados y pintura de diversos objetos.<\/p>\n<p><strong>Caracter\u00edsticas de las m\u00e1quinas de limpieza l\u00e1ser de fibra port\u00e1tiles<\/strong><\/p>\n<p><strong>Limpieza sin contacto:<\/strong>\u00a0Utiliza un rayo l\u00e1ser, por lo que no hay riesgo de da\u00f1ar la superficie.<\/p>\n<p><strong>Precisi\u00f3n:<\/strong>\u00a0Permite dirigirse con precisi\u00f3n a zonas espec\u00edficas y realizar una limpieza selectiva.<\/p>\n<p><strong>Respetuoso con el medio ambiente:<\/strong>\u00a0No se necesitan productos qu\u00edmicos ni consumibles, por lo que es seguro y respetuoso con el medio ambiente.<\/p>\n<p><strong>F\u00e1cil de usar:<\/strong>\u00a0F\u00e1cil de manejar: basta con encender la m\u00e1quina. Puede ser manual o integrarse con un robot para la limpieza automatizada.<\/p>\n<p><strong>Alta eficacia:<\/strong>\u00a0M\u00e1s r\u00e1pida que las herramientas de limpieza tradicionales, ahorrando tiempo y costes de mano de obra.<\/p>\n<p><strong>Bajo mantenimiento:<\/strong>\u00a0El modelo BGC1500 es estable y requiere cuidados m\u00ednimos.<\/p>\n<p><strong>Vers\u00e1til:<\/strong>\u00a0Adecuado para su integraci\u00f3n en l\u00edneas de producci\u00f3n para el tratamiento de superficies en procesos de fabricaci\u00f3n.<\/p>\n<p><strong>Calidad de confianza:<\/strong>\u00a0Con m\u00e1s de 10 a\u00f1os de experiencia, BOGONG LASER ofrece limpiadores l\u00e1ser de calidad profesional, m\u00e1s fiables que muchas otras marcas.<\/p>\n<p>&nbsp;<\/p>\n<h2><strong>Ventajas del limpiador l\u00e1ser port\u00e1til de mano<\/strong><\/h2>\n<p>En comparaci\u00f3n con los m\u00e9todos de limpieza tradicionales, como el raspado mec\u00e1nico, la limpieza qu\u00edmica, el impacto de l\u00edquidos o la limpieza por ultrasonidos, la limpieza l\u00e1ser presenta claras ventajas.<\/p>\n<p><strong>Respetuoso con el medio ambiente:<\/strong>\u00a0No utiliza productos qu\u00edmicos ni l\u00edquidos. En su lugar, convierte la suciedad en polvo s\u00f3lido, f\u00e1cil de almacenar y reciclar. Esto ayuda a reducir la contaminaci\u00f3n causada por la limpieza qu\u00edmica.<\/p>\n<p><strong>Sin contacto y suave:<\/strong>\u00a0A diferencia de los m\u00e9todos tradicionales que raspan o cepillan la superficie, la limpieza l\u00e1ser no toca el objeto. Esto evita da\u00f1ar la superficie y no deja residuos, lo que reduce el riesgo de contaminaci\u00f3n secundaria.<\/p>\n<p><strong>Funcionamiento a distancia:<\/strong>\u00a0El l\u00e1ser puede transmitirse a trav\u00e9s de fibras \u00f3pticas flexibles, lo que permite emparejarlo con robots. Esto facilita la limpieza de lugares de dif\u00edcil acceso y mantiene a salvo a los operarios en zonas peligrosas.<\/p>\n<p><strong>Seguro para diferentes materiales:<\/strong> El limpiador BGC1500 puede eliminar la suciedad y los contaminantes de diversos materiales sin da\u00f1arlos.<\/p>\n<p><strong>Alta eficacia:<\/strong>\u00a0Limpia m\u00e1s r\u00e1pido y ahorra tiempo en comparaci\u00f3n con los m\u00e9todos manuales.<\/p>\n<p><strong>Rentable a largo plazo:<\/strong>\u00a0Aunque requiere una mayor inversi\u00f3n inicial, el sistema es duradero y tiene bajos costes de funcionamiento, lo que lo hace econ\u00f3mico con el tiempo.<\/p>\n<p>La limpieza por l\u00e1ser se considera uno de los m\u00e9todos m\u00e1s fiables y ecol\u00f3gicos porque no es abrasiva, no requiere contacto y funciona eficazmente en muchos materiales. Es probable que en el futuro sustituya a la limpieza qu\u00edmica y mec\u00e1nica tradicional, fomentando pr\u00e1cticas m\u00e1s seguras y ecol\u00f3gicas.<\/p>\n<p>La pistola l\u00e1ser de doble oscilaci\u00f3n se adapta a las distintas necesidades de limpieza. Su movimiento oscilante, ajustable en amplitud y frecuencia, le permite limpiar eficazmente objetos de diversas formas y tama\u00f1os.<\/p>\n<h2>Coste de una m\u00e1quina port\u00e1til de limpieza por l\u00e1ser<\/h2>\n<p>El precio de un sistema port\u00e1til de limpieza l\u00e1ser de mano var\u00eda en funci\u00f3n de sus caracter\u00edsticas y especificaciones.<\/p>\n<p>En 2025, el coste medio de un limpiador l\u00e1ser manual de CW ronda los $4.000. Un modelo de menor potencia, de 1.500 W, puede costar a partir de $3.500. El sistema de gama media de 2000W suele empezar en torno a $5.300, mientras que las m\u00e1quinas de alta potencia de 3000W pueden alcanzar hasta $7.000.<\/p>\n<p>la media de una m\u00e1quina de limpieza l\u00e1ser de pulso es de alrededor de $6800-$12800, un modelo de 200w de menor potencia puede comenzar tan bajo como $5900, el 300w alrededor de $8500, el precio de 500w y 1000w de pulso ser\u00e1 m\u00e1s caro.<\/p>\n<p>Los precios pueden variar de un fabricante a otro, incluso con configuraciones similares. El coste depende no s\u00f3lo de las prestaciones del aparato, sino tambi\u00e9n del env\u00edo, la reputaci\u00f3n de la marca, la asistencia posventa y otros factores. M\u00e1s prestaciones suele significar precios m\u00e1s altos. Las marcas reputadas suelen cobrar m\u00e1s que los fabricantes locales o menos conocidos.<\/p>\n<h3>Aplicaciones del limpiador l\u00e1ser de fibra port\u00e1til<\/h3>\n<p>La limpieza por l\u00e1ser es una soluci\u00f3n innovadora para la limpieza industrial. Es m\u00e1s ecol\u00f3gica y vers\u00e1til que los m\u00e9todos tradicionales. Puede eliminar aceite, herrumbre, oxidaci\u00f3n, pintura, revestimientos y suciedad de diversas superficies como equipos, piezas y pistas de aeropuertos.<\/p>\n<p>Los limpiadores l\u00e1ser se utilizan habitualmente para eliminar \u00f3xido, decapar pintura, eliminar chapados y revestimientos, limpiar aceite y manchas, limpiar moldes de caucho y eliminar marcas de soldadura en barcos. Tambi\u00e9n se utilizan en la limpieza de moldes, la limpieza de pintura vieja en aviones, la limpieza de exteriores de edificios, el mantenimiento de la industria electr\u00f3nica, la limpieza de precisi\u00f3n en instrumentos, la limpieza de tuber\u00edas en centrales nucleares, la limpieza de reliquias culturales y la protecci\u00f3n de superficies.<\/p>\n<p>Aplicaciones de campo<\/p>\n<p>Eliminaci\u00f3n de \u00f3xido de superficies met\u00e1licas Eliminaci\u00f3n de pintura de piezas met\u00e1licas Eliminaci\u00f3n de capas de revestimiento y recubrimientos Limpieza de aceite, manchas y suciedad Eliminaci\u00f3n de decoloraci\u00f3n de soldaduras Limpieza de superficies de piedra Limpieza suave de moldes de caucho sin da\u00f1arlos Aplicaciones industriales<\/p>\n<p>Los limpiadores l\u00e1ser se utilizan en diversos sectores, como la fabricaci\u00f3n, la construcci\u00f3n, la reparaci\u00f3n de maquinaria, la publicidad, la energ\u00eda y la miner\u00eda, los materiales de construcci\u00f3n, la construcci\u00f3n naval, las piezas de autom\u00f3viles, la fabricaci\u00f3n de moldes, la producci\u00f3n de neum\u00e1ticos y la protecci\u00f3n del medio ambiente.<\/p>\n<h2>Consideraciones a la hora de comprar un limpiador l\u00e1ser<\/h2>\n<p>Al comprar un limpiador l\u00e1ser port\u00e1til de mano, elija una m\u00e1quina que se adapte a sus necesidades. Estos son algunos puntos clave a tener en cuenta:<\/p>\n<p>- Aseg\u00farese de que la potencia y la intensidad del l\u00e1ser se adaptan a sus tareas de limpieza.<br \/>\n- Tenga en cuenta la longitud de onda del l\u00e1ser, ya que afecta a su eficacia en distintas superficies.<br \/>\n- Busque un dise\u00f1o ligero y ergon\u00f3mico para facilitar su manejo.<br \/>\n- Un panel de control f\u00e1cil de usar har\u00e1 que el funcionamiento sea m\u00e1s fluido.<br \/>\n- Elija una marca fiable conocida por su calidad, durabilidad y buen rendimiento para reducir los costes de mantenimiento y los tiempos de inactividad.<\/p>\n<p>Por \u00faltimo, compare diferentes marcas, modelos y precios para encontrar el que mejor se adapte a sus aplicaciones. Un limpiador l\u00e1ser port\u00e1til vers\u00e1til puede realizar m\u00faltiples tareas, ahorr\u00e1ndole tiempo y dinero.<\/p>\n<p>BOGONG Comentarios de los clientes:<\/p>\n<p><iframe title=\"This Compact Laser Cleaner DESTROYS Rust in Seconds\" width=\"1360\" height=\"765\" src=\"https:\/\/www.youtube.com\/embed\/sd7UI42Cpa4?feature=oembed\" frameborder=\"0\" allow=\"accelerometer; autoplay; clipboard-write; encrypted-media; gyroscope; picture-in-picture; web-share\" referrerpolicy=\"strict-origin-when-cross-origin\" allowfullscreen><\/iframe><\/p>\n<p><iframe title=\"Comentarios de los clientes Limpiador l\u00e1ser BOGONG\" width=\"1360\" height=\"765\" src=\"https:\/\/www.youtube.com\/embed\/WRy_KvfXnSY?feature=oembed\" frameborder=\"0\" allow=\"accelerometer; autoplay; clipboard-write; encrypted-media; gyroscope; picture-in-picture; web-share\" referrerpolicy=\"strict-origin-when-cross-origin\" allowfullscreen><\/iframe><\/p>\n<p><iframe title=\"He probado un limpiador l\u00e1ser de \u00f3xido - Parte 2\" width=\"1360\" height=\"765\" src=\"https:\/\/www.youtube.com\/embed\/m9sj-ABFkec?feature=oembed\" frameborder=\"0\" allow=\"accelerometer; autoplay; clipboard-write; encrypted-media; gyroscope; picture-in-picture; web-share\" referrerpolicy=\"strict-origin-when-cross-origin\" allowfullscreen><\/iframe><\/p>","protected":false},"excerpt":{"rendered":"<p>La Limpiadora L\u00e1ser Manual 2025 Best es una limpiadora manual port\u00e1til disponible con fuente l\u00e1ser de fibra pulsada de 200W, 300W, 500W y 1000W. Elimina eficazmente \u00f3xido, pintura, revestimientos, chapado, aceite, manchas, suciedad, contaminantes y residuos de superficies de metal, madera y piedra. Adecuado para diversas aplicaciones, desde proyectos dom\u00e9sticos y de aficionados hasta uso industrial y comercial, este limpiador l\u00e1ser port\u00e1til es una excelente elecci\u00f3n por su asequibilidad, durabilidad y ausencia de consumibles. Su dise\u00f1o f\u00e1cil de usar y su controlador intuitivo facilitan su manejo tanto a principiantes como a profesionales con una formaci\u00f3n m\u00ednima.<\/p>","protected":false},"featured_media":627,"template":"","meta":{"_gspb_post_css":""},"product_brand":[],"product_cat":[16,79],"product_tag":[84],"class_list":{"0":"post-781","1":"product","2":"type-product","3":"status-publish","4":"has-post-thumbnail","6":"product_cat-pulse-laser-cleaning-machines","7":"product_cat-continuous-laser-cleaning-machines","8":"product_tag-how-to-choose-laser-cleaning-machine","10":"first","11":"instock","12":"featured","13":"shipping-taxable","14":"product-type-simple"},"_links":{"self":[{"href":"https:\/\/laser-cleaners.com\/es\/wp-json\/wp\/v2\/product\/781","targetHints":{"allow":["GET"]}}],"collection":[{"href":"https:\/\/laser-cleaners.com\/es\/wp-json\/wp\/v2\/product"}],"about":[{"href":"https:\/\/laser-cleaners.com\/es\/wp-json\/wp\/v2\/types\/product"}],"wp:featuredmedia":[{"embeddable":true,"href":"https:\/\/laser-cleaners.com\/es\/wp-json\/wp\/v2\/media\/627"}],"wp:attachment":[{"href":"https:\/\/laser-cleaners.com\/es\/wp-json\/wp\/v2\/media?parent=781"}],"wp:term":[{"taxonomy":"product_brand","embeddable":true,"href":"https:\/\/laser-cleaners.com\/es\/wp-json\/wp\/v2\/product_brand?post=781"},{"taxonomy":"product_cat","embeddable":true,"href":"https:\/\/laser-cleaners.com\/es\/wp-json\/wp\/v2\/product_cat?post=781"},{"taxonomy":"product_tag","embeddable":true,"href":"https:\/\/laser-cleaners.com\/es\/wp-json\/wp\/v2\/product_tag?post=781"}],"curies":[{"name":"wp","href":"https:\/\/api.w.org\/{rel}","templated":true}]}}