{"id":355,"date":"2025-10-05T12:26:46","date_gmt":"2025-10-05T12:26:46","guid":{"rendered":"https:\/\/laser-cleaners.com\/?post_type=product&#038;p=355"},"modified":"2025-10-14T09:42:02","modified_gmt":"2025-10-14T09:42:02","slug":"500-w1000-w-nanosecond-pulsed-laser-cleaner-manufacturer","status":"publish","type":"product","link":"https:\/\/laser-cleaners.com\/it\/500-w1000-w-nanosecond-pulsed-laser-cleaner-manufacturer\/","title":{"rendered":"500 W1000 W Nanosecond Pulsed Laser Cleaner Manufacturer"},"content":{"rendered":"<h2>Bogong Laser 500 \/ 750 \/ 1000 W Nanosecondo pulsato macchina di pulizia laser<\/h2>\n<table>\n<thead>\n<tr>\n<th style=\"text-align: left;\">Articolo<\/th>\n<th style=\"text-align: left;\">Bogong-500<\/th>\n<th style=\"text-align: left;\">Bogong-750<\/th>\n<th style=\"text-align: left;\">Bogong-1000<\/th>\n<\/tr>\n<\/thead>\n<tbody>\n<tr>\n<td><strong>Potenza laser media<\/strong><\/td>\n<td>\u2265 500 W<\/td>\n<td>\u2265 750 W<\/td>\n<td>\u2265 1000 W<\/td>\n<\/tr>\n<tr>\n<td><strong>Larghezza d'impulso<\/strong><\/td>\n<td>10 - 500 ns<\/td>\n<td>30 - 500 ns<\/td>\n<td>10 - 500 ns<\/td>\n<\/tr>\n<tr>\n<td><strong>Energia Max Monopulse<\/strong><\/td>\n<td>15 mJ - 50 mJ<\/td>\n<td>12 mJ<\/td>\n<td>50 mJ - 100 mJ<\/td>\n<\/tr>\n<tr>\n<td><strong>Frequenza di ripetizione (kHz)<\/strong><\/td>\n<td>1 - 3000 kHz<\/td>\n<td>1 - 1000 kHz<\/td>\n<td>1 - 3000 kHz<\/td>\n<\/tr>\n<tr>\n<td><strong>Gamma di regolazione della potenza<\/strong><\/td>\n<td>0 - 100 % (gradiente regolabile)<\/td>\n<td>0 - 100 %<\/td>\n<td>0 - 100 %<\/td>\n<\/tr>\n<tr>\n<td><strong>Instabilit\u00e0 di potenza<\/strong><\/td>\n<td>&lt; 5 %<\/td>\n<td>&lt; 5 %<\/td>\n<td>&lt; 5 %<\/td>\n<\/tr>\n<tr>\n<td><strong>Modalit\u00e0 di scansione supportate<\/strong><\/td>\n<td>8<\/td>\n<td>8<\/td>\n<td>8<\/td>\n<\/tr>\n<tr>\n<td><strong>Campo di scansione (L \u00d7 W)<\/strong><\/td>\n<td>0 - 145 mm regolabile<\/td>\n<td>0 - 175 mm regolabile<\/td>\n<td>0 - 145 mm regolabile<\/td>\n<\/tr>\n<tr>\n<td><strong>Metodo di raffreddamento<\/strong><\/td>\n<td>Raffreddamento ad acqua<\/td>\n<td>Raffreddamento ad acqua<\/td>\n<td>Raffreddamento ad acqua<\/td>\n<\/tr>\n<tr>\n<td><strong>Lunghezza del cavo in fibra<\/strong><\/td>\n<td>10 m<\/td>\n<td>10 m<\/td>\n<td>10 m<\/td>\n<\/tr>\n<\/tbody>\n<\/table>\n<h2>Specifiche meccaniche e ambientali<\/h2>\n<table>\n<thead>\n<tr>\n<th style=\"text-align: left;\">Articolo<\/th>\n<th style=\"text-align: left;\">Valore<\/th>\n<\/tr>\n<\/thead>\n<tbody>\n<tr>\n<td>Tensione di alimentazione<\/td>\n<td>Monofase 220 V \u00b1 10 %, 50\/60 Hz CA<\/td>\n<\/tr>\n<tr>\n<td>Consumo di energia<\/td>\n<td>\u2264 5000 W (Bogong-500) \/ \u2264 6000 W (Bogong-750) \/ \u2264 8000 W (Bogong-1000)<\/td>\n<\/tr>\n<tr>\n<td>Campo di temperatura di lavoro<\/td>\n<td>Da 5 \u00b0C a 40 \u00b0C<\/td>\n<\/tr>\n<tr>\n<td>Limite di umidit\u00e0<\/td>\n<td>\u2264 80 % RH<\/td>\n<\/tr>\n<tr>\n<td>Dimensioni della macchina (L \u00d7 W \u00d7 H)<\/td>\n<td>\u2248 1055 mm \u00d7 623 mm \u00d7 1105 mm<\/td>\n<\/tr>\n<tr>\n<td>Dimensione della confezione<\/td>\n<td>\u2248 1230 mm \u00d7 750 mm \u00d7 1280 mm<\/td>\n<\/tr>\n<tr>\n<td>Peso della macchina<\/td>\n<td>\u2248 250 kg<\/td>\n<\/tr>\n<tr>\n<td>Peso imballato<\/td>\n<td>\u2248 275 kg<\/td>\n<\/tr>\n<tr>\n<td>Peso della testina di pulizia<\/td>\n<td>&lt; 1,5 kg<\/td>\n<\/tr>\n<tr>\n<td>Modalit\u00e0 di funzionamento<\/td>\n<td>Manuale\/Automatizzato<\/td>\n<\/tr>\n<tr>\n<td>Supporto per lingua\/interfaccia<\/td>\n<td>9 lingue, comunicazione Modbus, 8 modalit\u00e0 di scansione<\/td>\n<\/tr>\n<\/tbody>\n<\/table>\n<p>Il\u00a0<strong>500-750-1000 W macchina per la pulizia con laser pulsato a nanosecondi<\/strong>\u00a0\u00e8 pi\u00f9 di uno strumento: \u00e8 un cavallo di battaglia per le fabbriche moderne. Riunisce precisione chirurgica e potenza di pulizia grezza, in modo da poter abbandonare la noiosa pulizia manuale nell'officina di stampaggio, nella linea di produzione dei metalli o nell'area di preparazione delle superfici. Scegliete 500, 750 o 1000 W, modificate le impostazioni degli impulsi e questo sistema si adatta: \u00e8 in grado di rimuovere rivestimenti sottili o penetrare la ruggine pesante senza rovinare il materiale di base.<\/p>\n<p>Progettato in un robusto armadio trolley, bilancia mobilit\u00e0 e stabilit\u00e0 (circa 1055 \u00d7 623 \u00d7 1105 mm, ~250 kg). Lo scomparto posteriore consente di riporre ordinatamente la testa di pulizia e gli accessori, mentre la testa di pulizia stessa pesa meno di 1,5 kg, abbastanza leggera da poter essere montata su un robot o fatta oscillare a mano. Il raffreddamento ad acqua lo mantiene stabile sotto carico.<\/p>\n<p>Il sistema offre 8 modalit\u00e0 di scansione (personalizzabili) e supporta diverse lingue di interfaccia. Grazie alla connettivit\u00e0 Modbus, si integra perfettamente nelle linee automatizzate o nei controlli PLC. Il sistema offre energie monopulsate da 15 a 50 mJ (o superiori nel modello da 1000 W), larghezze d'impulso da 10 a 500 ns e controllo della potenza da 0 a 100 % con instabilit\u00e0 &lt; 5 %.<\/p>\n<p>Poich\u00e9 l'energia \u00e8 distribuita uniformemente in ogni impulso, il laser \"morde\" efficacemente coke, ossido e contaminanti risparmiando il substrato. Si pu\u00f2 utilizzare per la pulizia degli stampi, la rimozione della ruggine su grandi superfici, la sverniciatura e la sverniciatura dell'olio, gli schizzi di saldatura o la pulizia generale dei residui. \u00c8 senza contatto, non necessita di materiali di consumo e offre una copertura completa a 360\u00b0 con il minimo rischio di danni.<\/p>\n<p>In breve: questo pulitore laser a impulsi si colloca al punto giusto tra finezza e forza, offrendo agli operatori un modo affidabile e automatizzato per pulire con coerenza, velocit\u00e0 e sicurezza, soprattutto in ambienti industriali ad alto rischio.<\/p>","protected":false},"excerpt":{"rendered":"<p>Un sistema di pulizia laser pulsato ad alta potenza (500\/750\/1000 W) per la pulizia di precisione e automatizzata in tutti i settori industriali. Raffreddato ad acqua, con 8 modalit\u00e0 di scansione, supporto multilingue e testa di pulizia compatta (&lt; 1,5 kg). Ideale per stampi, rimozione della ruggine, rivestimenti e parti metalliche fini.<\/p>","protected":false},"featured_media":638,"template":"","meta":{"_gspb_post_css":""},"product_brand":[],"product_cat":[16],"product_tag":[82],"class_list":{"0":"post-355","1":"product","2":"type-product","3":"status-publish","4":"has-post-thumbnail","6":"product_cat-pulse-laser-cleaning-machines","7":"product_tag-nanosecond-pulsed-laser-cleaner","9":"first","10":"instock","11":"featured","12":"shipping-taxable","13":"product-type-simple"},"_links":{"self":[{"href":"https:\/\/laser-cleaners.com\/it\/wp-json\/wp\/v2\/product\/355","targetHints":{"allow":["GET"]}}],"collection":[{"href":"https:\/\/laser-cleaners.com\/it\/wp-json\/wp\/v2\/product"}],"about":[{"href":"https:\/\/laser-cleaners.com\/it\/wp-json\/wp\/v2\/types\/product"}],"wp:featuredmedia":[{"embeddable":true,"href":"https:\/\/laser-cleaners.com\/it\/wp-json\/wp\/v2\/media\/638"}],"wp:attachment":[{"href":"https:\/\/laser-cleaners.com\/it\/wp-json\/wp\/v2\/media?parent=355"}],"wp:term":[{"taxonomy":"product_brand","embeddable":true,"href":"https:\/\/laser-cleaners.com\/it\/wp-json\/wp\/v2\/product_brand?post=355"},{"taxonomy":"product_cat","embeddable":true,"href":"https:\/\/laser-cleaners.com\/it\/wp-json\/wp\/v2\/product_cat?post=355"},{"taxonomy":"product_tag","embeddable":true,"href":"https:\/\/laser-cleaners.com\/it\/wp-json\/wp\/v2\/product_tag?post=355"}],"curies":[{"name":"wp","href":"https:\/\/api.w.org\/{rel}","templated":true}]}}