{"id":355,"date":"2025-10-05T12:26:46","date_gmt":"2025-10-05T12:26:46","guid":{"rendered":"https:\/\/laser-cleaners.com\/?post_type=product&#038;p=355"},"modified":"2025-10-14T09:42:02","modified_gmt":"2025-10-14T09:42:02","slug":"500-w1000-w-nanosecond-pulsed-laser-cleaner-manufacturer","status":"publish","type":"product","link":"https:\/\/laser-cleaners.com\/tr\/500-w1000-w-nanosecond-pulsed-laser-cleaner-manufacturer\/","title":{"rendered":"500 W1000 W Nanosaniye Darbeli Lazer Temizleyici \u00dcreticisi"},"content":{"rendered":"<h2>Bogong Lazer 500 \/ 750 \/ 1000 W Nanosaniye Darbeli Lazer Temizleme Makinesi<\/h2>\n<table>\n<thead>\n<tr>\n<th style=\"text-align: left;\">\u00d6\u011fe<\/th>\n<th style=\"text-align: left;\">Bogong-500<\/th>\n<th style=\"text-align: left;\">Bogong-750<\/th>\n<th style=\"text-align: left;\">Bogong-1000<\/th>\n<\/tr>\n<\/thead>\n<tbody>\n<tr>\n<td><strong>Ortalama Lazer G\u00fcc\u00fc<\/strong><\/td>\n<td>\u2265 500 W<\/td>\n<td>\u2265 750 W<\/td>\n<td>\u2265 1000 W<\/td>\n<\/tr>\n<tr>\n<td><strong>Darbe Geni\u015fli\u011fi<\/strong><\/td>\n<td>10 - 500 ns<\/td>\n<td>30 - 500 ns<\/td>\n<td>10 - 500 ns<\/td>\n<\/tr>\n<tr>\n<td><strong>Max Monopulse Enerji<\/strong><\/td>\n<td>15 mJ - 50 mJ<\/td>\n<td>12 mJ<\/td>\n<td>50 mJ - 100 mJ<\/td>\n<\/tr>\n<tr>\n<td><strong>Tekrarlama Frekans\u0131 (kHz)<\/strong><\/td>\n<td>1 - 3000 kHz<\/td>\n<td>1 - 1000 kHz<\/td>\n<td>1 - 3000 kHz<\/td>\n<\/tr>\n<tr>\n<td><strong>G\u00fc\u00e7 D\u00fczenleme Aral\u0131\u011f\u0131<\/strong><\/td>\n<td>0 - 100 % (gradyan ayarlanabilir)<\/td>\n<td>0 - 100 %<\/td>\n<td>0 - 100 %<\/td>\n<\/tr>\n<tr>\n<td><strong>G\u00fc\u00e7 Karars\u0131zl\u0131\u011f\u0131<\/strong><\/td>\n<td>&lt; 5 %<\/td>\n<td>&lt; 5 %<\/td>\n<td>&lt; 5 %<\/td>\n<\/tr>\n<tr>\n<td><strong>Desteklenen Tarama Modlar\u0131<\/strong><\/td>\n<td>8<\/td>\n<td>8<\/td>\n<td>8<\/td>\n<\/tr>\n<tr>\n<td><strong>Tarama Aral\u0131\u011f\u0131 (L \u00d7 W)<\/strong><\/td>\n<td>0 - 145 mm ayarlanabilir<\/td>\n<td>0 - 175 mm ayarlanabilir<\/td>\n<td>0 - 145 mm ayarlanabilir<\/td>\n<\/tr>\n<tr>\n<td><strong>So\u011futma Y\u00f6ntemi<\/strong><\/td>\n<td>Su so\u011futma<\/td>\n<td>Su so\u011futma<\/td>\n<td>Su so\u011futma<\/td>\n<\/tr>\n<tr>\n<td><strong>Fiber Kablo Uzunlu\u011fu<\/strong><\/td>\n<td>10 m<\/td>\n<td>10 m<\/td>\n<td>10 m<\/td>\n<\/tr>\n<\/tbody>\n<\/table>\n<h2>Mekanik ve \u00c7evresel \u00d6zellikler<\/h2>\n<table>\n<thead>\n<tr>\n<th style=\"text-align: left;\">\u00d6\u011fe<\/th>\n<th style=\"text-align: left;\">De\u011fer<\/th>\n<\/tr>\n<\/thead>\n<tbody>\n<tr>\n<td>Besleme Gerilimi<\/td>\n<td>Tek fazl\u0131 220 V \u00b1 10 %, 50\/60 Hz AC<\/td>\n<\/tr>\n<tr>\n<td>G\u00fc\u00e7 T\u00fcketimi<\/td>\n<td>\u2264 5000 W (Bogong-500) \/ \u2264 6000 W (Bogong-750) \/ \u2264 8000 W (Bogong-1000)<\/td>\n<\/tr>\n<tr>\n<td>\u00c7al\u0131\u015fma S\u0131cakl\u0131k Aral\u0131\u011f\u0131<\/td>\n<td>5 \u00b0C ila 40 \u00b0C<\/td>\n<\/tr>\n<tr>\n<td>Nem S\u0131n\u0131r\u0131<\/td>\n<td>\u2264 80 % RH<\/td>\n<\/tr>\n<tr>\n<td>Makine Boyutu (U \u00d7 G \u00d7 Y)<\/td>\n<td>\u2248 1055 mm \u00d7 623 mm \u00d7 1105 mm<\/td>\n<\/tr>\n<tr>\n<td>Paket Boyutu<\/td>\n<td>\u2248 1230 mm \u00d7 750 mm \u00d7 1280 mm<\/td>\n<\/tr>\n<tr>\n<td>Makine A\u011f\u0131rl\u0131\u011f\u0131<\/td>\n<td>\u2248 250 kg<\/td>\n<\/tr>\n<tr>\n<td>Paketlenmi\u015f A\u011f\u0131rl\u0131k<\/td>\n<td>\u2248 275 kg<\/td>\n<\/tr>\n<tr>\n<td>Temizleme Ba\u015fl\u0131\u011f\u0131 A\u011f\u0131rl\u0131\u011f\u0131<\/td>\n<td>&lt; 1,5 kg<\/td>\n<\/tr>\n<tr>\n<td>\u00c7al\u0131\u015fma Modu<\/td>\n<td>El Tipi \/ Otomatik<\/td>\n<\/tr>\n<tr>\n<td>Dil \/ Aray\u00fcz Deste\u011fi<\/td>\n<td>9 dil, Modbus ileti\u015fimi, 8 tarama modu<\/td>\n<\/tr>\n<\/tbody>\n<\/table>\n<p>Bu\u00a0<strong>500-750-1000 W nanosaniye darbeli lazer temizleme makinesi<\/strong>\u00a0bir aletten daha fazlas\u0131d\u0131r - modern fabrikalar i\u00e7in bir i\u015f g\u00fcc\u00fcd\u00fcr. Cerrahi hassasiyet ve ham temizleme g\u00fcc\u00fcn\u00fc bir araya getirir, b\u00f6ylece kal\u0131p at\u00f6lyenizde, metal \u00fcretim hatt\u0131n\u0131zda veya y\u00fczey haz\u0131rlama b\u00f6lmenizde s\u0131k\u0131c\u0131 manuel f\u0131r\u00e7alamadan kurtulabilirsiniz. 500, 750 veya 1000 W'\u0131 se\u00e7in, darbe ayarlar\u0131n\u0131z\u0131 de\u011fi\u015ftirin ve bu sistem uyum sa\u011flar - ince kaplamalar\u0131 kald\u0131rabilir veya ana malzemeye zarar vermeden a\u011f\u0131r pasa n\u00fcfuz edebilir.<\/p>\n<p>Sa\u011flam bir araba dolab\u0131nda tasarlanan bu \u00fcr\u00fcn, hareketlilik ve dengeyi dengeler (yakla\u015f\u0131k 1055 \u00d7 623 \u00d7 1105 mm, ~250 kg). Arka b\u00f6lme temizleme ba\u015fl\u0131\u011f\u0131n\u0131z\u0131 ve aksesuarlar\u0131n\u0131z\u0131 d\u00fczg\u00fcn bir \u015fekilde saklarken, temizleme ba\u015fl\u0131\u011f\u0131n\u0131n a\u011f\u0131rl\u0131\u011f\u0131 1,5 kg'dan azd\u0131r - bir robota monte edilebilecek veya elle sallanabilecek kadar hafiftir. Su so\u011futmas\u0131 y\u00fck alt\u0131nda stabil kalmas\u0131n\u0131 sa\u011flar.<\/p>\n<p>Sistem 8 tarama modu (\u00f6zelle\u015ftirilebilir) sunar ve birden fazla aray\u00fcz dilini destekler. Modbus ba\u011flant\u0131s\u0131 ile otomatik hatlara veya PLC kontrollerine sorunsuz bir \u015fekilde entegre olur. 15 ila 50 mJ (veya 1000 W modelinde daha y\u00fcksek) monopulse enerjileri, 10 ila 500 ns aras\u0131nda darbe geni\u015flikleri ve &lt;5 % karars\u0131zl\u0131kla 0 ila 100 % aras\u0131nda g\u00fc\u00e7 kontrol\u00fc elde edersiniz.<\/p>\n<p>Enerji her darbede e\u015fit olarak da\u011f\u0131t\u0131ld\u0131\u011f\u0131ndan, lazer alt tabakay\u0131 korurken kok, oksit ve kirleticileri verimli bir \u015fekilde \"\u0131s\u0131r\u0131r\". Kal\u0131p temizleme, geni\u015f alanl\u0131 pas giderme, boya ve ya\u011f s\u0131y\u0131rma, kaynak s\u0131\u00e7ramas\u0131 veya genel kal\u0131nt\u0131 temizleme i\u00e7in kullan\u0131n. Temass\u0131zd\u0131r, sarf malzemesi gerektirmez ve minimum hasar riski ile tam 360\u00b0 kapsama alan\u0131 sunar.<\/p>\n<p>K\u0131sacas\u0131: Bu darbeli lazer temizleyici, \u00f6zellikle y\u00fcksek riskli end\u00fcstriyel ortamlarda operat\u00f6rlere tutarl\u0131l\u0131k, h\u0131z ve g\u00fcvenlikle temizlik yapmalar\u0131 i\u00e7in g\u00fcvenilir, otomatik bir yol sunarak incelik ve kuvvetin tatl\u0131 noktas\u0131na oturur.<\/p>","protected":false},"excerpt":{"rendered":"<p>End\u00fcstrilerde hassas, otomatik temizlik i\u00e7in y\u00fcksek g\u00fc\u00e7l\u00fc darbeli lazer temizleme sistemi (500\/750\/1000 W). Su so\u011futmal\u0131, 8 tarama modu, \u00e7oklu dil deste\u011fi ve kompakt temizleme ba\u015fl\u0131\u011f\u0131 (&lt;1,5 kg). Kal\u0131plar, pas giderme, kaplamalar ve ince metal par\u00e7alar i\u00e7in idealdir.<\/p>","protected":false},"featured_media":638,"template":"","meta":{"_gspb_post_css":""},"product_brand":[],"product_cat":[16],"product_tag":[82],"class_list":{"0":"post-355","1":"product","2":"type-product","3":"status-publish","4":"has-post-thumbnail","6":"product_cat-pulse-laser-cleaning-machines","7":"product_tag-nanosecond-pulsed-laser-cleaner","9":"first","10":"instock","11":"featured","12":"shipping-taxable","13":"product-type-simple"},"_links":{"self":[{"href":"https:\/\/laser-cleaners.com\/tr\/wp-json\/wp\/v2\/product\/355","targetHints":{"allow":["GET"]}}],"collection":[{"href":"https:\/\/laser-cleaners.com\/tr\/wp-json\/wp\/v2\/product"}],"about":[{"href":"https:\/\/laser-cleaners.com\/tr\/wp-json\/wp\/v2\/types\/product"}],"wp:featuredmedia":[{"embeddable":true,"href":"https:\/\/laser-cleaners.com\/tr\/wp-json\/wp\/v2\/media\/638"}],"wp:attachment":[{"href":"https:\/\/laser-cleaners.com\/tr\/wp-json\/wp\/v2\/media?parent=355"}],"wp:term":[{"taxonomy":"product_brand","embeddable":true,"href":"https:\/\/laser-cleaners.com\/tr\/wp-json\/wp\/v2\/product_brand?post=355"},{"taxonomy":"product_cat","embeddable":true,"href":"https:\/\/laser-cleaners.com\/tr\/wp-json\/wp\/v2\/product_cat?post=355"},{"taxonomy":"product_tag","embeddable":true,"href":"https:\/\/laser-cleaners.com\/tr\/wp-json\/wp\/v2\/product_tag?post=355"}],"curies":[{"name":"wp","href":"https:\/\/api.w.org\/{rel}","templated":true}]}}